{"id":16046,"date":"2017-11-07T10:32:35","date_gmt":"2017-11-07T10:32:35","guid":{"rendered":"http:\/\/www.bendel.de\/company-details\/"},"modified":"2021-08-05T18:59:06","modified_gmt":"2021-08-05T18:59:06","slug":"company-details","status":"publish","type":"page","link":"https:\/\/www.tornador.rs\/en\/company-details\/","title":{"rendered":"Company Details"},"content":{"rendered":"<p>[et_pb_section fb_built=&#8221;1&#8243; admin_label=&#8221;section&#8221; _builder_version=&#8221;3.22&#8243;][et_pb_row admin_label=&#8221;row&#8221; _builder_version=&#8221;3.25&#8243; background_size=&#8221;initial&#8221; background_position=&#8221;top_left&#8221; background_repeat=&#8221;repeat&#8221;][et_pb_column type=&#8221;4_4&#8243; _builder_version=&#8221;3.0.47&#8243; custom_padding=&#8221;|||&#8221; custom_padding__hover=&#8221;|||&#8221;][et_pb_text _builder_version=&#8221;4.9.10&#8243; hover_enabled=&#8221;0&#8243; z_index_tablet=&#8221;500&#8243; text_text_shadow_horizontal_length_tablet=&#8221;0px&#8221; text_text_shadow_vertical_length_tablet=&#8221;0px&#8221; text_text_shadow_blur_strength_tablet=&#8221;1px&#8221; link_text_shadow_horizontal_length_tablet=&#8221;0px&#8221; link_text_shadow_vertical_length_tablet=&#8221;0px&#8221; link_text_shadow_blur_strength_tablet=&#8221;1px&#8221; ul_text_shadow_horizontal_length_tablet=&#8221;0px&#8221; ul_text_shadow_vertical_length_tablet=&#8221;0px&#8221; ul_text_shadow_blur_strength_tablet=&#8221;1px&#8221; ol_text_shadow_horizontal_length_tablet=&#8221;0px&#8221; ol_text_shadow_vertical_length_tablet=&#8221;0px&#8221; ol_text_shadow_blur_strength_tablet=&#8221;1px&#8221; quote_text_shadow_horizontal_length_tablet=&#8221;0px&#8221; quote_text_shadow_vertical_length_tablet=&#8221;0px&#8221; quote_text_shadow_blur_strength_tablet=&#8221;1px&#8221; header_text_shadow_horizontal_length_tablet=&#8221;0px&#8221; header_text_shadow_vertical_length_tablet=&#8221;0px&#8221; header_text_shadow_blur_strength_tablet=&#8221;1px&#8221; header_2_text_shadow_horizontal_length_tablet=&#8221;0px&#8221; header_2_text_shadow_vertical_length_tablet=&#8221;0px&#8221; header_2_text_shadow_blur_strength_tablet=&#8221;1px&#8221; header_3_text_shadow_horizontal_length_tablet=&#8221;0px&#8221; header_3_text_shadow_vertical_length_tablet=&#8221;0px&#8221; header_3_text_shadow_blur_strength_tablet=&#8221;1px&#8221; header_4_text_shadow_horizontal_length_tablet=&#8221;0px&#8221; header_4_text_shadow_vertical_length_tablet=&#8221;0px&#8221; header_4_text_shadow_blur_strength_tablet=&#8221;1px&#8221; header_5_text_shadow_horizontal_length_tablet=&#8221;0px&#8221; header_5_text_shadow_vertical_length_tablet=&#8221;0px&#8221; header_5_text_shadow_blur_strength_tablet=&#8221;1px&#8221; header_6_text_shadow_horizontal_length_tablet=&#8221;0px&#8221; header_6_text_shadow_vertical_length_tablet=&#8221;0px&#8221; header_6_text_shadow_blur_strength_tablet=&#8221;1px&#8221; box_shadow_horizontal_tablet=&#8221;0px&#8221; box_shadow_vertical_tablet=&#8221;0px&#8221; box_shadow_blur_tablet=&#8221;40px&#8221; box_shadow_spread_tablet=&#8221;0px&#8221; sticky_enabled=&#8221;0&#8243;]<\/p>\n<h4 class=\"widgettitle\">MAGNA GROUP OF COMPANIES D.O.O.<\/h4>\n<div class=\"textwidget\">\n<p>11050, Belgrad, Vo\u017edovac,<br \/>Gr\u010di\u0107a Milenka 94<\/p>\n<p>Tel: +381 63 111 4702<\/p>\n<p>Internet:\u00a0<a href=\"https:\/\/www.magna-detailing.rs\/\" target=\"_blank\" rel=\"noopener\">https:\/\/www.magna-detailing.rs<\/a><br \/>E-Mail: <a href=\"mailto:tornador.rs@gmail.com\" target=\"_blank\" rel=\"noopener\">tornador.rs@gmail.com<\/a><\/p>\n<\/div>\n<p>[\/et_pb_text][\/et_pb_column][\/et_pb_row][\/et_pb_section]<\/p>\n","protected":false},"excerpt":{"rendered":"<p>MAGNA GROUP OF COMPANIES D.O.O. 11050, Belgrad, Vo\u017edovac,Gr\u010di\u0107a Milenka 94 Tel: +381 63 111 4702 Internet:\u00a0https:\/\/www.magna-detailing.rsE-Mail: tornador.rs@gmail.com<\/p>\n","protected":false},"author":7,"featured_media":0,"parent":0,"menu_order":1040,"comment_status":"closed","ping_status":"closed","template":"","meta":{"_et_pb_use_builder":"on","_et_pb_old_content":"","_et_gb_content_width":"","footnotes":""},"class_list":["post-16046","page","type-page","status-publish","hentry"],"_links":{"self":[{"href":"https:\/\/www.tornador.rs\/en\/wp-json\/wp\/v2\/pages\/16046","targetHints":{"allow":["GET"]}}],"collection":[{"href":"https:\/\/www.tornador.rs\/en\/wp-json\/wp\/v2\/pages"}],"about":[{"href":"https:\/\/www.tornador.rs\/en\/wp-json\/wp\/v2\/types\/page"}],"author":[{"embeddable":true,"href":"https:\/\/www.tornador.rs\/en\/wp-json\/wp\/v2\/users\/7"}],"replies":[{"embeddable":true,"href":"https:\/\/www.tornador.rs\/en\/wp-json\/wp\/v2\/comments?post=16046"}],"version-history":[{"count":15,"href":"https:\/\/www.tornador.rs\/en\/wp-json\/wp\/v2\/pages\/16046\/revisions"}],"predecessor-version":[{"id":31196,"href":"https:\/\/www.tornador.rs\/en\/wp-json\/wp\/v2\/pages\/16046\/revisions\/31196"}],"wp:attachment":[{"href":"https:\/\/www.tornador.rs\/en\/wp-json\/wp\/v2\/media?parent=16046"}],"curies":[{"name":"wp","href":"https:\/\/api.w.org\/{rel}","templated":true}]}}