{"id":16072,"date":"2017-11-07T10:32:37","date_gmt":"2017-11-07T10:32:37","guid":{"rendered":"http:\/\/www.bendel.de\/about-us\/"},"modified":"2021-07-27T10:23:28","modified_gmt":"2021-07-27T10:23:28","slug":"about-us","status":"publish","type":"page","link":"https:\/\/www.tornador.rs\/en\/about-us\/","title":{"rendered":"About us"},"content":{"rendered":"<p>[et_pb_section fb_built=&#8221;1&#8243; _builder_version=&#8221;3.22&#8243;][et_pb_row _builder_version=&#8221;3.25&#8243;][et_pb_column type=&#8221;4_4&#8243; _builder_version=&#8221;3.25&#8243; custom_padding=&#8221;|||&#8221; custom_padding__hover=&#8221;|||&#8221;][et_pb_text _builder_version=&#8221;4.9.4&#8243;]<\/p>\n<p>MAGNA Auto Detailing Studio nudi usluge premijum detailinga i poliranja automobila i motocikla u Beogradu.<br \/>Detailing vozila uklju\u010duje ru\u010dno pranje eksterijera, dubinsko pranje enterijera, ma\u0161insko poliranje automobila kao i za\u0161titni premazi za enterijer i eksterijer vozila, nano i kerami\u010dku za\u0161titu.<\/p>\n<p>NA\u0160E USLUGE:<\/p>\n<ul>\n<li>Premijum detailing automobila<\/li>\n<li>Detailing enterijera vozila<\/li>\n<li>Detailing eksterijera vozila<\/li>\n<li>Poliranje i za\u0161tita automobila<\/li>\n<li>Detailing motocikla<\/li>\n<\/ul>\n<p>Mi smo zvani\u010dni distributer kompanija Koch-Chemie i Tornador u Srbiji.<br \/>vrhunskih Nema\u010dkih proizvoda\u0107a premijum alata, hemije i pribora za pranje i poliranje automobila, detailing vozila, \u010dis\u0107enje komercijalnih, stambenih i industrijskih objekata.<\/p>\n<p>[\/et_pb_text][\/et_pb_column][\/et_pb_row][\/et_pb_section]<\/p>\n","protected":false},"excerpt":{"rendered":"<p>MAGNA Auto Detailing Studio nudi usluge premijum detailinga i poliranja automobila i motocikla u Beogradu.Detailing vozila uklju\u010duje ru\u010dno pranje eksterijera, dubinsko pranje enterijera, ma\u0161insko poliranje automobila kao i za\u0161titni premazi za enterijer i eksterijer vozila, nano i kerami\u010dku za\u0161titu. NA\u0160E USLUGE: Premijum detailing automobila Detailing enterijera vozila Detailing eksterijera vozila Poliranje i za\u0161tita automobila Detailing [&hellip;]<\/p>\n","protected":false},"author":7,"featured_media":0,"parent":0,"menu_order":1036,"comment_status":"closed","ping_status":"closed","template":"","meta":{"_et_pb_use_builder":"on","_et_pb_old_content":"","_et_gb_content_width":"","footnotes":""},"class_list":["post-16072","page","type-page","status-publish","hentry"],"_links":{"self":[{"href":"https:\/\/www.tornador.rs\/en\/wp-json\/wp\/v2\/pages\/16072","targetHints":{"allow":["GET"]}}],"collection":[{"href":"https:\/\/www.tornador.rs\/en\/wp-json\/wp\/v2\/pages"}],"about":[{"href":"https:\/\/www.tornador.rs\/en\/wp-json\/wp\/v2\/types\/page"}],"author":[{"embeddable":true,"href":"https:\/\/www.tornador.rs\/en\/wp-json\/wp\/v2\/users\/7"}],"replies":[{"embeddable":true,"href":"https:\/\/www.tornador.rs\/en\/wp-json\/wp\/v2\/comments?post=16072"}],"version-history":[{"count":26,"href":"https:\/\/www.tornador.rs\/en\/wp-json\/wp\/v2\/pages\/16072\/revisions"}],"predecessor-version":[{"id":31180,"href":"https:\/\/www.tornador.rs\/en\/wp-json\/wp\/v2\/pages\/16072\/revisions\/31180"}],"wp:attachment":[{"href":"https:\/\/www.tornador.rs\/en\/wp-json\/wp\/v2\/media?parent=16072"}],"curies":[{"name":"wp","href":"https:\/\/api.w.org\/{rel}","templated":true}]}}